{"id":537,"date":"2019-06-18T09:10:53","date_gmt":"2019-06-18T07:10:53","guid":{"rendered":"https:\/\/www.alfameccanica.it\/?page_id=537"},"modified":"2021-09-30T10:39:33","modified_gmt":"2021-09-30T08:39:33","slug":"privacy-policy","status":"publish","type":"page","link":"https:\/\/www.alfameccanica.it\/it\/privacy-policy\/","title":{"rendered":"Privacy Policy"},"content":{"rendered":"<section class=\"l-section wpb_row height_small\"><div class=\"l-section-h i-cf\"><div class=\"g-cols vc_row via_flex valign_top type_default stacking_default\"><div class=\"vc_col-sm-12 wpb_column vc_column_container\"><div class=\"vc_column-inner\"><div class=\"wpb_wrapper\"><div class=\"wpb_text_column\"><div class=\"wpb_wrapper\"><h3 style=\"background: white;\"><strong>Informativa e consenso trattamento dati sito www.alfameccanica.it<\/strong><\/h3>\n<p><strong>Titolare del Trattamento dei dati<\/strong><br \/>\nAlfa Meccanica s.r.l., societ\u00e0 a socio unico con sede in via Guido Rossa, 10, 24048 Curnasco di Treviolo (Bergamo), P.IVA 02890850163, email: <a href=\"mailto:info@alfameccanica.it\">info@alfameccanica.it<\/a> \u00e8 il Titolare del trattamento dei dati personali.<br \/>\nInoltre possono assumere il ruolo di autonomi titolari del trattamento gli eventuali siti partner che di volta in volta partecipano alle attivit\u00e0 di trattamento dei dati in maniera autonoma.<\/p>\n<p><strong>Oggetto del trattamento<\/strong><br \/>\n<em>1) Dati di navigazione<\/em><br \/>\nI sistemi informatici e le procedure software preposte al funzionamento di questo sito acquisiscono, nel normale esercizio, alcuni dati personali che vengono poi trasmessi implicitamente nell\u2019uso dei protocolli di comunicazione Internet.<br \/>\nSi tratta di informazioni che per loro natura potrebbero, mediante associazioni ed elaborazioni con dati detenuti da terzi, permettere di identificare gli utenti\/visitatori (ad es. indirizzo IP, nomi di domini dei computer utilizzati dagli utenti\/visitatori che si collegano al sito, ecc.).<br \/>\nQuesti dati vengono utilizzati solo per informazioni di tipo statistico e per controllare il corretto funzionamento del sito.<br \/>\nI dati sui contatti web non vengono conservati, comunque, per pi\u00f9 di sette giorni, salvo eventuali accertamenti di reati informatici ai danni del sito.<br \/>\nNessun dato derivante dal servizio web verr\u00e0 comunicato o diffuso.<br \/>\n<em>2) Dati forniti volontariamente dagli utenti\/visitatori<\/em><br \/>\nQualora gli utenti\/visitatori, collegandosi a questo sito, inviino propri dati personali per accedere a determinati servizi, ovvero per effettuare richieste in posta elettronica, anche mediante l\u2019invio di CV, sono consapevoli che ci\u00f2 comporta l\u2019acquisizione da parte del Titolare dell\u2019indirizzo del mittente e\/o di altri eventuali dati personali che verranno trattati esclusivamente per rispondere alla richiesta, ovvero per la fornitura del servizio.<br \/>\nI dati personali forniti dagli utenti\/visitatori verranno comunicati a terzi solo nel caso in cui la comunicazione sia necessaria per ottemperare alle richieste degli utenti\/visitatori medesimi o per obbligo di legge (come nel caso di fatturazione, o di eventuale assunzione a seguito di invio CV).<br \/>\n<em>3) Cookies<\/em><br \/>\nOltre ai dati espressamente conferiti al Titolare potranno essere registrati altri dati derivanti dalla navigazione da parte dell&#8217;utente sul sito: quando l&#8217;utente vi accede, infatti, il sito pu\u00f2 inviare all&#8217;utente un &#8220;cookie&#8221;. Un &#8220;cookie&#8221; \u00e8 un piccolo file di testo che il sito pu\u00f2 automaticamente inviare al computer dell&#8217;utente quando egli visualizza le nostre pagine. I &#8220;cookies&#8221; servono a rendere pi\u00f9 comoda la navigazione, oltre che per ottenere informazioni sulla navigazione del singolo utente all&#8217;interno del sito e per permettere il funzionamento di alcuni servizi che richiedono l&#8217;identificazione del percorso dell&#8217;utente attraverso diverse pagine del sito. Per qualsiasi accesso al sito, indipendentemente dalla presenza di un &#8220;cookie&#8221;, il Sito registra il tipo di browser (es. Internet Explorer, Chrome, Firefox), il sistema operativo (es. Windows, Macintosh) e l&#8217;host e l&#8217;URL di provenienza dell&#8217;utente-navigatore, oltre ai dati sulla pagina richiesta. Questi dati possono essere utilizzati in forma aggregata ed anonima per analisi statistiche sull&#8217;utilizzo del sito. Per la gestione completa dei cookies, consulta la pagina <a href=\"https:\/\/www.alfameccanica.it\/it\/cookie-policy\/\">Cookie policy<\/a>\u00a0di questo sito.<\/p>\n<p><strong>Modalit\u00e0 del trattamento<\/strong><br \/>\nIl trattamento viene effettuato attraverso strumenti automatizzati (ad es. utilizzando procedure e supporti elettronici) e\/o manualmente (ad es. su supporto cartaceo) per il tempo strettamente necessario a conseguire gli scopi per i quali i dati sono stati raccolti e, comunque, in conformit\u00e0 alle disposizioni normative vigenti in materia.<br \/>\nSpecifiche misure di sicurezza sono osservate per prevenire la perdita dei dati, usi illeciti o non corretti degli stessi ed accessi non autorizzati, in modo da consentire l\u2019accesso ai soli incaricati o responsabili nominati in conformit\u00e0 alle disposizioni di legge vigenti. L\u2019elenco dei Responsabili nominati ai sensi dell\u2019art\u201928 del Regolamento UE 679\/2016 \u00e8 disponibile presso la sede del Titolare.<\/p>\n<p><strong>Finalit\u00e0 del trattamento<\/strong><br \/>\nLe finalit\u00e0 del trattamento svolto dal Titolare devono intendersi quali:<\/p>\n<ol type=\"a\">\n<li>raccolta e conservazione ed elaborazione ai fini dell&#8217;instaurazione e gestione operativa ed amministrativa del rapporto contrattuale connesso all&#8217;erogazione del servizio offerto sul sito;<\/li>\n<li>utilizzo dei dati personali dell&#8217;utente (in particolare l&#8217;indirizzo e-mail) per effettuare comunicazioni relative allo svolgimento del rapporto contrattuale instaurato;<\/li>\n<li>elaborazione dei dati personali forniti e di quelli desunti dalle navigazioni sul sito allo scopo di erogare un servizio coerente con le indicazioni trasmesse durante l&#8217;utilizzo del servizio;<\/li>\n<li>raccolta, conservazione ed elaborazione dei dati per compiere analisi statistiche in forma anonima e\/o aggregata;<\/li>\n<li>finalit\u00e0 funzionali allo svolgimento della nostra attivit\u00e0, quali offerta di contenuti personalizzati come ad esempio servizi di newsletter;<\/li>\n<li>per la comunicazione di informazioni commerciali su future iniziative, di annunci di nuovi prodotti o servizi;<\/li>\n<li>per ricerche di mercato, analisi statistiche ed economiche;<\/li>\n<li>per l&#8217;invio di materiale pubblicitario o promozionale, e per l&#8217;esecuzione di giochi a premio, di iniziative promozionali in genere.<\/li>\n<\/ol>\n<p><strong>Base giuridica del trattamento<\/strong><br \/>\nLa base giuridica del trattamento dei dati dei Clienti svolto dal titolare tramite il sito in epigrafe indicato consiste nella richiesta, nel contratto o nelle intese precontrattuali intercorrenti con l\u2019interessato, mentre, in mancanza di esso la base giuridica \u00e8 da rinvenirsi nel consenso dell\u2019interessato.<\/p>\n<p><strong>Destinatari<\/strong><br \/>\nOltre al Titolare, in alcuni casi, potrebbero avere accesso ai dati categorie di responsabili e soggetti autorizzati coinvolti nell\u2019organizzazione aziendale del Sito (personale amministrativo, commerciale, marketing, legali, amministratori di sistema). Inoltre il Titolare potr\u00e0 avvalersi di soggetti esterni (come fornitori di servizi tecnici terzi, trasportatori, hosting provider, cloud service, societ\u00e0 informatiche, agenzie di comunicazione) che potranno essere nominati Responsabili esterni. L\u2019elenco aggiornato dei Responsabili potr\u00e0 sempre essere richiesto al Titolare del Trattamento, rivolgendosi all&#8217;indirizzo indicato sopra.<\/p>\n<p><strong>Trasferimento verso un Paese terzo<\/strong><br \/>\nIl titolare del trattamento si serve, per le prestazioni offerte dal sito, di server situati nei seguenti Paesi:<\/p>\n<ul>\n<li>\u00a0Italia<\/li>\n<\/ul>\n<p>e quindi, sulla base del Reg. 2016\/679\/EU da ritenersi idonei in quanto rientranti nell\u2019ambito UE.<br \/>\nI dati trattati dal Titolare non saranno mai diffusi.<\/p>\n<p><strong>Luogo di trattamento dei dati<\/strong><br \/>\nI trattamenti connessi ai servizi web di questo sito hanno luogo presso la predetta sede del Titolare e sono curati solo da personale tecnico dell&#8217;Ufficio incaricato del trattamento.<\/p>\n<p><strong>Tempi e luogo di conservazione dei dati\u00a0<\/strong><br \/>\nI dati sono trattati per il tempo necessario allo svolgimento del servizio richiesto dall\u2019Utente e poi distrutti con mezzi di distruzione sicuri, come distruggi-documenti per il cartaceo e wiping per i dati su supporto informatico.<\/p>\n<p><strong>Facoltativit\u00e0 o obbligatoriet\u00e0 del conferimento dei dati<\/strong><br \/>\nA parte quanto specificato per i dati di navigazione che acquisiscono i dati automaticamente, gli utenti\/visitatori sono liberi di fornire i propri dati personali o non fornirli. Il loro mancato conferimento pu\u00f2 comportare unicamente l\u2019impossibilit\u00e0 di ottenere quanto richiesto. L\u2019invio facoltativo, esplicito e volontario di posta elettronica agli indirizzi indicati su questo sito comporta la successiva acquisizione dell\u2019indirizzo del mittente, necessario per rispondere alle richieste di servizi e\/o informazioni, nonch\u00e9 degli eventuali altri dati personali inseriti nella missiva.<\/p>\n<p><strong>Diritti degli interessati<\/strong><br \/>\nI soggetti cui si riferiscono i dati personali hanno il diritto in qualunque momento ai sensi del GDPR di ottenere la conferma dell\u2019esistenza o meno dei medesimi dati e di conoscerne il contenuto e l\u2019origine, verificarne l\u2019esattezza o chiederne l\u2019integrazione o l\u2019aggiornamento, oppure la rettificazione.<br \/>\nLe richieste vanno rivolte a: Alfa Meccanica s.r.l., societ\u00e0 a socio unico con sede in via Guido Rossa, 10, 24048 Curnasco di Treviolo (Bergamo), P.IVA 02890850163, email: <a href=\"mailto:info@alfameccanica.it\">info@alfameccanica.it<\/a><br \/>\nIn relazione al trattamento dei predetti dati l\u2019Utente ha diritto di ottenere dal Titolare:<\/p>\n<ol>\n<li>la conferma dell\u2019esistenza o meno dei suoi dati personali, la loro comunicazione in forma intelligibile e la conoscenza della loro origine, nonch\u00e9 della logica su cui si basa il trattamento;<\/li>\n<li>la cancellazione, entro un congruo termine, dei suoi dati, la loro trasformazione in forma anonima o il blocco di quelli trattati in violazione della legge;<\/li>\n<li>l\u2019aggiornamento dei dati, la loro rettificazione o, quando vi abbia interesse, la loro integrazione;<\/li>\n<li>l\u2019attestazione che le operazioni di cui ai precedenti punti 2) e 3), sono state portate a conoscenza di coloro ai quali sono stati comunicati, sempre che non risulti impossibile o comporti un impiego di mezzi sproporzionato.<\/li>\n<li>L\u2019Utente ha, inoltre, diritto di ottenere la rettifica o la cancellazione dei dati che lo riguardano o la limitazione del trattamento.<\/li>\n<li>L\u2019Utente ha diritto di revocare il consenso relativo a trattamenti facoltativi e non connessi all\u2019esecuzione del contratto sottoscritto con il Titolare.<\/li>\n<li>L\u2019 Utente ha, inoltre, diritto di opporsi per motivi legittimi al trattamento dei dati personali che lo riguardano, anche se pertinenti allo scopo della raccolta, di chiederne la portabilit\u00e0, di esercitare il diritto all\u2019oblio, nonch\u00e9 di rivolgersi all\u2019Autorit\u00e0 di controllo competente in materia di protezione dei dati personali per qualsiasi violazione ritenga di aver subito che per l\u2019Italia \u00e8 il Garante per la protezione dei dati personali via pec, all&#8217;indirizzo: <a href=\"mailto:protocollo@pec.gdpd.it\">protocollo@pec.gdpd.it<\/a>, oppure via posta raccomandata A.R., al Garante per la protezione dei dati personali, che ha sede in Roma (Italia), Piazza Venezia n. 11 \u2013 Cap 00187.<\/li>\n<\/ol>\n<p><strong>Processi decisionali automatizzati<\/strong><br \/>\nNon vengono svolti processi decisionali automatizzati sui dati aggregati raccolti, se non finalizzati alla migliore gestione del sito.<\/p>\n<\/div><\/div><\/div><\/div><\/div><\/div><\/div><\/section>\n","protected":false},"excerpt":{"rendered":"Informativa e consenso trattamento dati sito www.alfameccanica.it Titolare del Trattamento dei dati Alfa Meccanica s.r.l., societ\u00e0 a socio unico con sede in via Guido Rossa, 10, 24048 Curnasco di Treviolo (Bergamo), P.IVA 02890850163, email: info@alfameccanica.it \u00e8 il Titolare del trattamento dei dati personali. Inoltre possono assumere il ruolo di autonomi titolari del trattamento gli eventuali...","protected":false},"author":5,"featured_media":0,"parent":0,"menu_order":0,"comment_status":"closed","ping_status":"closed","template":"","meta":{"footnotes":""},"class_list":["post-537","page","type-page","status-publish","hentry"],"acf":[],"yoast_head":"<!-- This site is optimized with the Yoast SEO plugin v21.9.1 - https:\/\/yoast.com\/wordpress\/plugins\/seo\/ -->\n<title>Privacy Policy - Alfameccanica<\/title>\n<meta name=\"robots\" content=\"index, follow, max-snippet:-1, max-image-preview:large, max-video-preview:-1\" \/>\n<link rel=\"canonical\" href=\"https:\/\/www.alfameccanica.it\/it\/privacy-policy\/\" \/>\n<meta property=\"og:locale\" content=\"it_IT\" \/>\n<meta property=\"og:type\" content=\"article\" \/>\n<meta property=\"og:title\" content=\"Privacy Policy - Alfameccanica\" \/>\n<meta property=\"og:url\" content=\"https:\/\/www.alfameccanica.it\/it\/privacy-policy\/\" \/>\n<meta property=\"og:site_name\" content=\"Alfameccanica\" \/>\n<meta property=\"article:modified_time\" content=\"2021-09-30T08:39:33+00:00\" \/>\n<meta name=\"twitter:card\" content=\"summary_large_image\" \/>\n<meta name=\"twitter:label1\" content=\"Tempo di lettura stimato\" \/>\n\t<meta name=\"twitter:data1\" content=\"7 minuti\" \/>\n<script type=\"application\/ld+json\" class=\"yoast-schema-graph\">{\"@context\":\"https:\/\/schema.org\",\"@graph\":[{\"@type\":\"WebPage\",\"@id\":\"https:\/\/www.alfameccanica.it\/it\/privacy-policy\/\",\"url\":\"https:\/\/www.alfameccanica.it\/it\/privacy-policy\/\",\"name\":\"Privacy Policy - Alfameccanica\",\"isPartOf\":{\"@id\":\"https:\/\/www.alfameccanica.it\/it\/#website\"},\"datePublished\":\"2019-06-18T07:10:53+00:00\",\"dateModified\":\"2021-09-30T08:39:33+00:00\",\"breadcrumb\":{\"@id\":\"https:\/\/www.alfameccanica.it\/it\/privacy-policy\/#breadcrumb\"},\"inLanguage\":\"it-IT\",\"potentialAction\":[{\"@type\":\"ReadAction\",\"target\":[\"https:\/\/www.alfameccanica.it\/it\/privacy-policy\/\"]}]},{\"@type\":\"BreadcrumbList\",\"@id\":\"https:\/\/www.alfameccanica.it\/it\/privacy-policy\/#breadcrumb\",\"itemListElement\":[{\"@type\":\"ListItem\",\"position\":1,\"name\":\"Home\",\"item\":\"https:\/\/www.alfameccanica.it\/it\/\"},{\"@type\":\"ListItem\",\"position\":2,\"name\":\"Privacy Policy\"}]},{\"@type\":\"WebSite\",\"@id\":\"https:\/\/www.alfameccanica.it\/it\/#website\",\"url\":\"https:\/\/www.alfameccanica.it\/it\/\",\"name\":\"Alfameccanica\",\"description\":\"\",\"potentialAction\":[{\"@type\":\"SearchAction\",\"target\":{\"@type\":\"EntryPoint\",\"urlTemplate\":\"https:\/\/www.alfameccanica.it\/it\/?s={search_term_string}\"},\"query-input\":\"required name=search_term_string\"}],\"inLanguage\":\"it-IT\"}]}<\/script>\n<!-- \/ Yoast SEO plugin. -->","yoast_head_json":{"title":"Privacy Policy - Alfameccanica","robots":{"index":"index","follow":"follow","max-snippet":"max-snippet:-1","max-image-preview":"max-image-preview:large","max-video-preview":"max-video-preview:-1"},"canonical":"https:\/\/www.alfameccanica.it\/it\/privacy-policy\/","og_locale":"it_IT","og_type":"article","og_title":"Privacy Policy - Alfameccanica","og_url":"https:\/\/www.alfameccanica.it\/it\/privacy-policy\/","og_site_name":"Alfameccanica","article_modified_time":"2021-09-30T08:39:33+00:00","twitter_card":"summary_large_image","twitter_misc":{"Tempo di lettura stimato":"7 minuti"},"schema":{"@context":"https:\/\/schema.org","@graph":[{"@type":"WebPage","@id":"https:\/\/www.alfameccanica.it\/it\/privacy-policy\/","url":"https:\/\/www.alfameccanica.it\/it\/privacy-policy\/","name":"Privacy Policy - Alfameccanica","isPartOf":{"@id":"https:\/\/www.alfameccanica.it\/it\/#website"},"datePublished":"2019-06-18T07:10:53+00:00","dateModified":"2021-09-30T08:39:33+00:00","breadcrumb":{"@id":"https:\/\/www.alfameccanica.it\/it\/privacy-policy\/#breadcrumb"},"inLanguage":"it-IT","potentialAction":[{"@type":"ReadAction","target":["https:\/\/www.alfameccanica.it\/it\/privacy-policy\/"]}]},{"@type":"BreadcrumbList","@id":"https:\/\/www.alfameccanica.it\/it\/privacy-policy\/#breadcrumb","itemListElement":[{"@type":"ListItem","position":1,"name":"Home","item":"https:\/\/www.alfameccanica.it\/it\/"},{"@type":"ListItem","position":2,"name":"Privacy Policy"}]},{"@type":"WebSite","@id":"https:\/\/www.alfameccanica.it\/it\/#website","url":"https:\/\/www.alfameccanica.it\/it\/","name":"Alfameccanica","description":"","potentialAction":[{"@type":"SearchAction","target":{"@type":"EntryPoint","urlTemplate":"https:\/\/www.alfameccanica.it\/it\/?s={search_term_string}"},"query-input":"required name=search_term_string"}],"inLanguage":"it-IT"}]}},"_links":{"self":[{"href":"https:\/\/www.alfameccanica.it\/it\/wp-json\/wp\/v2\/pages\/537","targetHints":{"allow":["GET"]}}],"collection":[{"href":"https:\/\/www.alfameccanica.it\/it\/wp-json\/wp\/v2\/pages"}],"about":[{"href":"https:\/\/www.alfameccanica.it\/it\/wp-json\/wp\/v2\/types\/page"}],"author":[{"embeddable":true,"href":"https:\/\/www.alfameccanica.it\/it\/wp-json\/wp\/v2\/users\/5"}],"replies":[{"embeddable":true,"href":"https:\/\/www.alfameccanica.it\/it\/wp-json\/wp\/v2\/comments?post=537"}],"version-history":[{"count":10,"href":"https:\/\/www.alfameccanica.it\/it\/wp-json\/wp\/v2\/pages\/537\/revisions"}],"predecessor-version":[{"id":1597,"href":"https:\/\/www.alfameccanica.it\/it\/wp-json\/wp\/v2\/pages\/537\/revisions\/1597"}],"wp:attachment":[{"href":"https:\/\/www.alfameccanica.it\/it\/wp-json\/wp\/v2\/media?parent=537"}],"curies":[{"name":"wp","href":"https:\/\/api.w.org\/{rel}","templated":true}]}}